{"id":4627,"date":"2025-02-06T12:44:58","date_gmt":"2025-02-06T11:44:58","guid":{"rendered":"https:\/\/academy.2pace.fr\/terms-of-use\/"},"modified":"2025-02-06T12:44:58","modified_gmt":"2025-02-06T11:44:58","slug":"terms-of-use","status":"publish","type":"page","link":"https:\/\/academy.2pace.fr\/en\/terms-of-use\/","title":{"rendered":"Terms of use"},"content":{"rendered":"<p><strong>Credit<\/strong><br \/>\nWebdesign \/ Development : <a href=\"https:\/\/realisateurweb.com\/\">Agence R\u00e9alisateur Web<\/a><\/p>\n<p><strong>Publisher<\/strong><br \/>\nThe https:\/\/academy.2pace.fr\/ website is published by:<br \/>\n2PACE<br \/>\nSoci\u00e9t\u00e9 par actions simplifi\u00e9e registered in the Paris Trade and Companies Register under number 888 969 193<br \/>\nRegistered office: 68 Rue Nollet, 75017 Paris<br \/>\nIntracommunity VAT number FR67888969193<br \/>\nTelephone: +33 7 67 10 88 49<br \/>\nE-mail: DPO@2pace.fr<\/p>\n<p><strong>Director of publication<\/strong><br \/>\nMr Julien Samson acting as Chairman.<\/p>\n<p><strong>Hosting provider<\/strong><br \/>\nThe https:\/\/academy.2pace.fr\/ website is hosted by:<br \/>\nOVH<br \/>\nHead office: 2 RUE KELLERMANN, 59100 ROUBAIX<br \/>\nTelephone: 08 99 70 17 61<\/p>\n<p><strong>Other useful documents<\/strong><br \/>\n<a href=\"https:\/\/academy.2pace.fr\/wp-content\/uploads\/2025\/06\/reglement-interieur-2pace-academy.pdf\" target=\"_blank\" rel=\"noopener\">2PACE Academy rules and regulations<\/a><\/p>\n","protected":false},"excerpt":{"rendered":"<p>Credit Webdesign \/ Development : Agence R\u00e9alisateur Web Publisher The https:\/\/academy.2pace.fr\/ website is published by: 2PACE Soci\u00e9t\u00e9 par actions simplifi\u00e9e registered in the Paris Trade and Companies Register under number 888 969 193 Registered office: 68 Rue Nollet, 75017 Paris Intracommunity VAT number FR67888969193 Telephone: +33 7 67 10 88 49 E-mail: DPO@2pace.fr Director of [&hellip;]<\/p>\n","protected":false},"author":1,"featured_media":0,"parent":0,"menu_order":0,"comment_status":"closed","ping_status":"closed","template":"","meta":{"_acf_changed":false,"footnotes":""},"class_list":["post-4627","page","type-page","status-publish","hentry"],"acf":[],"yoast_head":"<!-- This site is optimized with the Yoast SEO plugin v27.4 - https:\/\/yoast.com\/product\/yoast-seo-wordpress\/ -->\n<title>Legal information | 2PACE Academy<\/title>\n<meta name=\"description\" content=\"Consult our legal notice to find out more about our commitments and the conditions of use of our site.\" \/>\n<meta name=\"robots\" content=\"index, follow, max-snippet:-1, max-image-preview:large, max-video-preview:-1\" \/>\n<link rel=\"canonical\" href=\"https:\/\/academy.2pace.fr\/en\/terms-of-use\/\" \/>\n<meta property=\"og:locale\" content=\"en_US\" \/>\n<meta property=\"og:type\" content=\"article\" \/>\n<meta property=\"og:title\" content=\"Legal information | 2PACE Academy\" \/>\n<meta property=\"og:description\" content=\"Consult our legal notice to find out more about our commitments and the conditions of use of our site.\" \/>\n<meta property=\"og:url\" content=\"https:\/\/academy.2pace.fr\/en\/terms-of-use\/\" \/>\n<meta property=\"og:site_name\" content=\"2PACE Academy\" \/>\n<meta name=\"twitter:card\" content=\"summary_large_image\" \/>\n<script type=\"application\/ld+json\" class=\"yoast-schema-graph\">{\"@context\":\"https:\\\/\\\/schema.org\",\"@graph\":[{\"@type\":\"WebPage\",\"@id\":\"https:\\\/\\\/academy.2pace.fr\\\/en\\\/terms-of-use\\\/\",\"url\":\"https:\\\/\\\/academy.2pace.fr\\\/en\\\/terms-of-use\\\/\",\"name\":\"Legal information | 2PACE Academy\",\"isPartOf\":{\"@id\":\"https:\\\/\\\/academy.2pace.fr\\\/en\\\/#website\"},\"datePublished\":\"2025-02-06T11:44:58+00:00\",\"description\":\"Consult our legal notice to find out more about our commitments and the conditions of use of our site.\",\"breadcrumb\":{\"@id\":\"https:\\\/\\\/academy.2pace.fr\\\/en\\\/terms-of-use\\\/#breadcrumb\"},\"inLanguage\":\"en-US\",\"potentialAction\":[{\"@type\":\"ReadAction\",\"target\":[\"https:\\\/\\\/academy.2pace.fr\\\/en\\\/terms-of-use\\\/\"]}]},{\"@type\":\"BreadcrumbList\",\"@id\":\"https:\\\/\\\/academy.2pace.fr\\\/en\\\/terms-of-use\\\/#breadcrumb\",\"itemListElement\":[{\"@type\":\"ListItem\",\"position\":1,\"name\":\"Accueil\",\"item\":\"https:\\\/\\\/academy.2pace.fr\\\/en\\\/home\\\/\"},{\"@type\":\"ListItem\",\"position\":2,\"name\":\"Terms of use\"}]},{\"@type\":\"WebSite\",\"@id\":\"https:\\\/\\\/academy.2pace.fr\\\/en\\\/#website\",\"url\":\"https:\\\/\\\/academy.2pace.fr\\\/en\\\/\",\"name\":\"2PACE Academy\",\"description\":\"Because tomorrow is your playground\",\"publisher\":{\"@id\":\"https:\\\/\\\/academy.2pace.fr\\\/en\\\/#organization\"},\"potentialAction\":[{\"@type\":\"SearchAction\",\"target\":{\"@type\":\"EntryPoint\",\"urlTemplate\":\"https:\\\/\\\/academy.2pace.fr\\\/en\\\/?s={search_term_string}\"},\"query-input\":{\"@type\":\"PropertyValueSpecification\",\"valueRequired\":true,\"valueName\":\"search_term_string\"}}],\"inLanguage\":\"en-US\"},{\"@type\":\"Organization\",\"@id\":\"https:\\\/\\\/academy.2pace.fr\\\/en\\\/#organization\",\"name\":\"2PACE Academy\",\"url\":\"https:\\\/\\\/academy.2pace.fr\\\/en\\\/\",\"logo\":{\"@type\":\"ImageObject\",\"inLanguage\":\"en-US\",\"@id\":\"https:\\\/\\\/academy.2pace.fr\\\/en\\\/#\\\/schema\\\/logo\\\/image\\\/\",\"url\":\"https:\\\/\\\/academy.2pace.fr\\\/wp-content\\\/uploads\\\/2025\\\/02\\\/2pace_logo_signat-1738767846.png\",\"contentUrl\":\"https:\\\/\\\/academy.2pace.fr\\\/wp-content\\\/uploads\\\/2025\\\/02\\\/2pace_logo_signat-1738767846.png\",\"width\":2363,\"height\":1182,\"caption\":\"2PACE Academy\"},\"image\":{\"@id\":\"https:\\\/\\\/academy.2pace.fr\\\/en\\\/#\\\/schema\\\/logo\\\/image\\\/\"},\"sameAs\":[\"https:\\\/\\\/www.linkedin.com\\\/showcase\\\/2pace-academy\\\/\"]}]}<\/script>\n<!-- \/ Yoast SEO plugin. -->","yoast_head_json":{"title":"Legal information | 2PACE Academy","description":"Consult our legal notice to find out more about our commitments and the conditions of use of our site.","robots":{"index":"index","follow":"follow","max-snippet":"max-snippet:-1","max-image-preview":"max-image-preview:large","max-video-preview":"max-video-preview:-1"},"canonical":"https:\/\/academy.2pace.fr\/en\/terms-of-use\/","og_locale":"en_US","og_type":"article","og_title":"Legal information | 2PACE Academy","og_description":"Consult our legal notice to find out more about our commitments and the conditions of use of our site.","og_url":"https:\/\/academy.2pace.fr\/en\/terms-of-use\/","og_site_name":"2PACE Academy","twitter_card":"summary_large_image","schema":{"@context":"https:\/\/schema.org","@graph":[{"@type":"WebPage","@id":"https:\/\/academy.2pace.fr\/en\/terms-of-use\/","url":"https:\/\/academy.2pace.fr\/en\/terms-of-use\/","name":"Legal information | 2PACE Academy","isPartOf":{"@id":"https:\/\/academy.2pace.fr\/en\/#website"},"datePublished":"2025-02-06T11:44:58+00:00","description":"Consult our legal notice to find out more about our commitments and the conditions of use of our site.","breadcrumb":{"@id":"https:\/\/academy.2pace.fr\/en\/terms-of-use\/#breadcrumb"},"inLanguage":"en-US","potentialAction":[{"@type":"ReadAction","target":["https:\/\/academy.2pace.fr\/en\/terms-of-use\/"]}]},{"@type":"BreadcrumbList","@id":"https:\/\/academy.2pace.fr\/en\/terms-of-use\/#breadcrumb","itemListElement":[{"@type":"ListItem","position":1,"name":"Accueil","item":"https:\/\/academy.2pace.fr\/en\/home\/"},{"@type":"ListItem","position":2,"name":"Terms of use"}]},{"@type":"WebSite","@id":"https:\/\/academy.2pace.fr\/en\/#website","url":"https:\/\/academy.2pace.fr\/en\/","name":"2PACE Academy","description":"Because tomorrow is your playground","publisher":{"@id":"https:\/\/academy.2pace.fr\/en\/#organization"},"potentialAction":[{"@type":"SearchAction","target":{"@type":"EntryPoint","urlTemplate":"https:\/\/academy.2pace.fr\/en\/?s={search_term_string}"},"query-input":{"@type":"PropertyValueSpecification","valueRequired":true,"valueName":"search_term_string"}}],"inLanguage":"en-US"},{"@type":"Organization","@id":"https:\/\/academy.2pace.fr\/en\/#organization","name":"2PACE Academy","url":"https:\/\/academy.2pace.fr\/en\/","logo":{"@type":"ImageObject","inLanguage":"en-US","@id":"https:\/\/academy.2pace.fr\/en\/#\/schema\/logo\/image\/","url":"https:\/\/academy.2pace.fr\/wp-content\/uploads\/2025\/02\/2pace_logo_signat-1738767846.png","contentUrl":"https:\/\/academy.2pace.fr\/wp-content\/uploads\/2025\/02\/2pace_logo_signat-1738767846.png","width":2363,"height":1182,"caption":"2PACE Academy"},"image":{"@id":"https:\/\/academy.2pace.fr\/en\/#\/schema\/logo\/image\/"},"sameAs":["https:\/\/www.linkedin.com\/showcase\/2pace-academy\/"]}]}},"_links":{"self":[{"href":"https:\/\/academy.2pace.fr\/en\/wp-json\/wp\/v2\/pages\/4627","targetHints":{"allow":["GET"]}}],"collection":[{"href":"https:\/\/academy.2pace.fr\/en\/wp-json\/wp\/v2\/pages"}],"about":[{"href":"https:\/\/academy.2pace.fr\/en\/wp-json\/wp\/v2\/types\/page"}],"author":[{"embeddable":true,"href":"https:\/\/academy.2pace.fr\/en\/wp-json\/wp\/v2\/users\/1"}],"replies":[{"embeddable":true,"href":"https:\/\/academy.2pace.fr\/en\/wp-json\/wp\/v2\/comments?post=4627"}],"version-history":[{"count":0,"href":"https:\/\/academy.2pace.fr\/en\/wp-json\/wp\/v2\/pages\/4627\/revisions"}],"wp:attachment":[{"href":"https:\/\/academy.2pace.fr\/en\/wp-json\/wp\/v2\/media?parent=4627"}],"curies":[{"name":"wp","href":"https:\/\/api.w.org\/{rel}","templated":true}]}}